{"id":2923,"date":"2025-03-23T17:43:09","date_gmt":"2025-03-23T17:43:09","guid":{"rendered":"https:\/\/blahclub.com\/?page_id=2923"},"modified":"2026-04-24T15:21:58","modified_gmt":"2026-04-24T20:21:58","slug":"nuestra-oferta","status":"publish","type":"page","link":"https:\/\/blahclub.com\/en\/nuestra-oferta\/","title":{"rendered":"Our offer"},"content":{"rendered":"<div class=\"wp-block-uagb-container uagb-block-5e3f9ddd default uagb-is-root-container\">\n<div style=\"height:100px\" aria-hidden=\"true\" class=\"wp-block-spacer\"><\/div>\n\n\n\n<div class=\"wp-block-uagb-info-box uagb-block-94645e92 uagb-infobox__content-wrap  uagb-infobox-icon-above-title uagb-infobox-image-valign-top wp-block-uagb-info-box--has-margin\"><div class=\"uagb-infobox-margin-wrapper\"><div class=\"uagb-ifb-content\"><div class=\"uagb-ifb-title-wrap\"><h1 class=\"uagb-ifb-title-prefix\">Our offer<\/h1><h3 class=\"uagb-ifb-title\">We have what you're looking for!<\/h3><\/div><\/div><\/div><\/div>\n\n\n\n<div style=\"height:80px\" aria-hidden=\"true\" class=\"wp-block-spacer\"><\/div>\n<\/div>\n\n\n\n<div class=\"wp-block-uagb-container uagb-block-d7c76a91 alignfull uagb-is-root-container\"><div class=\"uagb-container-inner-blocks-wrap\">\n<div class=\"wp-block-uagb-container uagb-block-b8f393de\">\n<div class=\"wp-block-uagb-image uagb-block-c07798c0 wp-block-uagb-image--layout-default wp-block-uagb-image--effect-zoomin wp-block-uagb-image--align-none\"><figure class=\"wp-block-uagb-image__figure\"><img decoding=\"async\" srcset=\"https:\/\/blahclub.com\/wp-content\/uploads\/2025\/07\/joven-estudiante-sentado-en-la-mesa-y-usar-la-computadora-portatil-1024x683.jpg ,https:\/\/blahclub.com\/wp-content\/uploads\/2025\/07\/joven-estudiante-sentado-en-la-mesa-y-usar-la-computadora-portatil-scaled.jpg 780w, https:\/\/blahclub.com\/wp-content\/uploads\/2025\/07\/joven-estudiante-sentado-en-la-mesa-y-usar-la-computadora-portatil-scaled.jpg 360w\" sizes=\"auto, (max-width: 480px) 150px\" src=\"https:\/\/blahclub.com\/wp-content\/uploads\/2025\/07\/joven-estudiante-sentado-en-la-mesa-y-usar-la-computadora-portatil-1024x683.jpg\" alt=\"\" class=\"uag-image-5414\" width=\"1024\" height=\"683\" title=\"\" loading=\"lazy\" role=\"img\"\/><\/figure><\/div>\n\n\n\n<div class=\"wp-block-uagb-advanced-heading uagb-block-69be3bc3\"><h3 class=\"uagb-heading-text\">One-to-one language lessons<\/h3><\/div>\n\n\n\n<div class=\"wp-block-buttons is-content-justification-center is-layout-flex wp-container-core-buttons-is-layout-a89b3969 wp-block-buttons-is-layout-flex\">\n<div class=\"wp-block-button\"><a class=\"wp-block-button__link wp-element-button\" href=\"https:\/\/blahclub.com\/en\/clases-privadas\/\">See more<\/a><\/div>\n<\/div>\n<\/div>\n\n\n\n<div class=\"wp-block-uagb-container uagb-block-fd98a8d5\">\n<div class=\"wp-block-uagb-image uagb-block-d791a602 wp-block-uagb-image--layout-default wp-block-uagb-image--effect-zoomin wp-block-uagb-image--align-none\"><figure class=\"wp-block-uagb-image__figure\"><img decoding=\"async\" srcset=\"https:\/\/blahclub.com\/wp-content\/uploads\/2025\/03\/high-angle-hand-correcting-grammar-mistakes-1024x683.jpg ,https:\/\/blahclub.com\/wp-content\/uploads\/2025\/03\/high-angle-hand-correcting-grammar-mistakes-scaled.jpg 780w, https:\/\/blahclub.com\/wp-content\/uploads\/2025\/03\/high-angle-hand-correcting-grammar-mistakes-scaled.jpg 360w\" sizes=\"auto, (max-width: 480px) 150px\" src=\"https:\/\/blahclub.com\/wp-content\/uploads\/2025\/03\/high-angle-hand-correcting-grammar-mistakes-1024x683.jpg\" alt=\"\" class=\"uag-image-2944\" width=\"7999\" height=\"5333\" title=\"\" loading=\"lazy\" role=\"img\"\/><\/figure><\/div>\n\n\n\n<div class=\"wp-block-uagb-advanced-heading uagb-block-c198653a\"><h3 class=\"uagb-heading-text\">Exam preparation<\/h3><\/div>\n\n\n\n<div class=\"wp-block-buttons is-content-justification-center is-layout-flex wp-container-core-buttons-is-layout-a89b3969 wp-block-buttons-is-layout-flex\">\n<div class=\"wp-block-button\"><a class=\"wp-block-button__link wp-element-button\" href=\"https:\/\/blahclub.com\/en\/preparacion-para-examenes\/\">See more<\/a><\/div>\n<\/div>\n<\/div>\n\n\n\n<div class=\"wp-block-uagb-container uagb-block-42675c6e\">\n<div class=\"wp-block-uagb-image uagb-block-702b3f22 wp-block-uagb-image--layout-default wp-block-uagb-image--effect-zoomin wp-block-uagb-image--align-none\"><figure class=\"wp-block-uagb-image__figure\"><img decoding=\"async\" srcset=\"https:\/\/blahclub.com\/wp-content\/uploads\/2025\/03\/woman-video-conference-call-her-home-office-coronavirus-pandemic-1024x682.jpg ,https:\/\/blahclub.com\/wp-content\/uploads\/2025\/03\/woman-video-conference-call-her-home-office-coronavirus-pandemic.jpg 780w, https:\/\/blahclub.com\/wp-content\/uploads\/2025\/03\/woman-video-conference-call-her-home-office-coronavirus-pandemic.jpg 360w\" sizes=\"auto, (max-width: 480px) 150px\" src=\"https:\/\/blahclub.com\/wp-content\/uploads\/2025\/03\/woman-video-conference-call-her-home-office-coronavirus-pandemic-1024x682.jpg\" alt=\"\" class=\"uag-image-2940\" width=\"1024\" height=\"682\" title=\"\" loading=\"lazy\" role=\"img\"\/><\/figure><\/div>\n\n\n\n<div class=\"wp-block-uagb-advanced-heading uagb-block-b7e4b8d1\"><h3 class=\"uagb-heading-text\">Speaking Club<\/h3><\/div>\n\n\n\n<div class=\"wp-block-buttons is-content-justification-center is-layout-flex wp-container-core-buttons-is-layout-a89b3969 wp-block-buttons-is-layout-flex\">\n<div class=\"wp-block-button\"><a class=\"wp-block-button__link wp-element-button\" href=\"https:\/\/blahclub.com\/en\/hablah-club\/\">See more<\/a><\/div>\n<\/div>\n<\/div>\n<\/div><\/div>\n\n\n\n<div class=\"wp-block-uagb-container uagb-block-5a53759e alignfull uagb-is-root-container\"><div class=\"uagb-container-inner-blocks-wrap\">\n<div class=\"wp-block-uagb-container uagb-block-8d87ae78\">\n<div class=\"wp-block-uagb-image uagb-block-85836734 wp-block-uagb-image--layout-default wp-block-uagb-image--effect-zoomin wp-block-uagb-image--align-none\"><figure class=\"wp-block-uagb-image__figure\"><img decoding=\"async\" srcset=\"https:\/\/blahclub.com\/wp-content\/uploads\/2025\/03\/g709e6a13d772d82de3c8bc93d712bc8acbbe2549fc8ce079b762d9eb14460aa67ddc0b0e07913aacc1c552a4d8ac23dc4d7ce39668edccd3924a880b7555b5bc_1280-7389469-1024x662.jpg ,https:\/\/blahclub.com\/wp-content\/uploads\/2025\/03\/g709e6a13d772d82de3c8bc93d712bc8acbbe2549fc8ce079b762d9eb14460aa67ddc0b0e07913aacc1c552a4d8ac23dc4d7ce39668edccd3924a880b7555b5bc_1280-7389469.jpg 780w, https:\/\/blahclub.com\/wp-content\/uploads\/2025\/03\/g709e6a13d772d82de3c8bc93d712bc8acbbe2549fc8ce079b762d9eb14460aa67ddc0b0e07913aacc1c552a4d8ac23dc4d7ce39668edccd3924a880b7555b5bc_1280-7389469.jpg 360w\" sizes=\"auto, (max-width: 480px) 150px\" src=\"https:\/\/blahclub.com\/wp-content\/uploads\/2025\/03\/g709e6a13d772d82de3c8bc93d712bc8acbbe2549fc8ce079b762d9eb14460aa67ddc0b0e07913aacc1c552a4d8ac23dc4d7ce39668edccd3924a880b7555b5bc_1280-7389469-1024x662.jpg\" alt=\"\" class=\"uag-image-2226\" width=\"2000\" height=\"1334\" title=\"\" loading=\"lazy\" role=\"img\"\/><\/figure><\/div>\n\n\n\n<div class=\"wp-block-uagb-advanced-heading uagb-block-58aac060\"><h3 class=\"uagb-heading-text\">Traduction<\/h3><\/div>\n\n\n\n<div class=\"wp-block-buttons is-content-justification-center is-layout-flex wp-container-core-buttons-is-layout-a89b3969 wp-block-buttons-is-layout-flex\">\n<div class=\"wp-block-button\"><a class=\"wp-block-button__link wp-element-button\" href=\"https:\/\/blahclub.com\/en\/traduccion\/\">See more<\/a><\/div>\n<\/div>\n<\/div>\n\n\n\n<div class=\"wp-block-uagb-container uagb-block-57dec37a\">\n<div class=\"wp-block-uagb-image uagb-block-234eb816 wp-block-uagb-image--layout-default wp-block-uagb-image--effect-zoomin wp-block-uagb-image--align-none\"><figure class=\"wp-block-uagb-image__figure\"><img decoding=\"async\" srcset=\"https:\/\/blahclub.com\/wp-content\/uploads\/2025\/07\/pexels-karolina-grabowska-6958509-1024x683.jpg ,https:\/\/blahclub.com\/wp-content\/uploads\/2025\/07\/pexels-karolina-grabowska-6958509-scaled.jpg 780w, https:\/\/blahclub.com\/wp-content\/uploads\/2025\/07\/pexels-karolina-grabowska-6958509-scaled.jpg 360w\" sizes=\"auto, (max-width: 480px) 150px\" src=\"https:\/\/blahclub.com\/wp-content\/uploads\/2025\/07\/pexels-karolina-grabowska-6958509-1024x683.jpg\" alt=\"\" class=\"uag-image-5408\" width=\"1024\" height=\"683\" title=\"\" loading=\"lazy\" role=\"img\"\/><\/figure><\/div>\n\n\n\n<div class=\"wp-block-uagb-advanced-heading uagb-block-b78ddaed\"><h3 class=\"uagb-heading-text\">Tutoring for children<\/h3><\/div>\n\n\n\n<div class=\"wp-block-buttons is-content-justification-center is-layout-flex wp-container-core-buttons-is-layout-a89b3969 wp-block-buttons-is-layout-flex\">\n<div class=\"wp-block-button\"><a class=\"wp-block-button__link wp-element-button\" href=\"https:\/\/blahclub.com\/en\/tareas-guiadas\/\">See more<\/a><\/div>\n<\/div>\n<\/div>\n<\/div><\/div>\n\n\n\n<div class=\"wp-block-uagb-container uagb-block-4df241ac alignfull uagb-is-root-container\"><div class=\"uagb-container-inner-blocks-wrap\">\n<div class=\"wp-block-uagb-container uagb-block-bbca0942\">\n<div class=\"wp-block-uagb-advanced-heading uagb-block-03de32f0\"><h2 class=\"uagb-heading-text\"><strong><em>Can't find what you're looking for?<\/em><\/strong><\/h2><\/div>\n\n\n\n<div class=\"wp-block-uagb-advanced-heading uagb-block-4f4115bb\"><h4 class=\"uagb-heading-text\">Don't worry, we'll help you find what you need.<\/h4><\/div>\n\n\n\n<div class=\"wp-block-buttons is-content-justification-center is-layout-flex wp-container-core-buttons-is-layout-a89b3969 wp-block-buttons-is-layout-flex\">\n<div class=\"wp-block-button\"><a class=\"wp-block-button__link wp-element-button\" href=\"https:\/\/api.whatsapp.com\/send\/?phone=573003453840&amp;text=Hola+Equipo+BlahClub%2C+busco+informaci\u00f3n+sobre+...&amp;type=phone_number&amp;app_absent=0\" target=\"_blank\" rel=\"noreferrer noopener\">Send us a message<\/a><\/div>\n<\/div>\n<\/div>\n\n\n\n<div class=\"wp-block-uagb-container uagb-block-cce1a503\">\n<div class=\"wp-block-uagb-image uagb-block-42b790e0 wp-block-uagb-image--layout-overlay wp-block-uagb-image--effect-static wp-block-uagb-image--align-none\"><figure class=\"wp-block-uagb-image__figure\"><img decoding=\"async\" srcset=\"https:\/\/blahclub.com\/wp-content\/uploads\/2025\/12\/3-819x1024.jpg ,https:\/\/blahclub.com\/wp-content\/uploads\/2025\/12\/3.jpg 780w, https:\/\/blahclub.com\/wp-content\/uploads\/2025\/12\/3.jpg 360w\" sizes=\"auto, (max-width: 480px) 150px\" src=\"https:\/\/blahclub.com\/wp-content\/uploads\/2025\/12\/3-819x1024.jpg\" alt=\"\" class=\"uag-image-8061\" width=\"460\" height=\"550\" title=\"3\" loading=\"lazy\" role=\"img\"\/><div class=\"wp-block-uagb-image--layout-overlay__color-wrapper\"><\/div><div class=\"wp-block-uagb-image--layout-overlay__inner center-center\"><\/div><\/figure><\/div>\n<\/div>\n<\/div><\/div>\n\n\n\n<p><\/p>","protected":false},"excerpt":{"rendered":"<p>Clases privadas de idiomas Preparaci\u00f3n para ex\u00e1menes Clases de conversaci\u00f3n Traducci\u00f3n Tareas dirigidas \u00bfNo encontraste lo que buscabas? No te preocupes, te ayudaremos a encontrar la informaci\u00f3n que necesitas.<\/p>","protected":false},"author":1,"featured_media":0,"parent":0,"menu_order":0,"comment_status":"closed","ping_status":"closed","template":"","meta":{"_eb_attr":"","_uag_custom_page_level_css":"","site-sidebar-layout":"no-sidebar","site-content-layout":"page-builder","ast-site-content-layout":"full-width-container","site-content-style":"unboxed","site-sidebar-style":"unboxed","ast-global-header-display":"","ast-banner-title-visibility":"","ast-main-header-display":"","ast-hfb-above-header-display":"","ast-hfb-below-header-display":"","ast-hfb-mobile-header-display":"","site-post-title":"disabled","ast-breadcrumbs-content":"","ast-featured-img":"disabled","footer-sml-layout":"","ast-disable-related-posts":"","theme-transparent-header-meta":"disabled","adv-header-id-meta":"","stick-header-meta":"","header-above-stick-meta":"","header-main-stick-meta":"","header-below-stick-meta":"","astra-migrate-meta-layouts":"set","ast-page-background-enabled":"default","ast-page-background-meta":{"desktop":{"background-color":"","background-image":"","background-repeat":"repeat","background-position":"center center","background-size":"auto","background-attachment":"scroll","background-type":"","background-media":"","overlay-type":"","overlay-color":"","overlay-opacity":"","overlay-gradient":""},"tablet":{"background-color":"","background-image":"","background-repeat":"repeat","background-position":"center center","background-size":"auto","background-attachment":"scroll","background-type":"","background-media":"","overlay-type":"","overlay-color":"","overlay-opacity":"","overlay-gradient":""},"mobile":{"background-color":"","background-image":"","background-repeat":"repeat","background-position":"center center","background-size":"auto","background-attachment":"scroll","background-type":"","background-media":"","overlay-type":"","overlay-color":"","overlay-opacity":"","overlay-gradient":""}},"ast-content-background-meta":{"desktop":{"background-color":"var(--ast-global-color-5)","background-image":"","background-repeat":"repeat","background-position":"center center","background-size":"auto","background-attachment":"scroll","background-type":"","background-media":"","overlay-type":"","overlay-color":"","overlay-opacity":"","overlay-gradient":""},"tablet":{"background-color":"var(--ast-global-color-5)","background-image":"","background-repeat":"repeat","background-position":"center center","background-size":"auto","background-attachment":"scroll","background-type":"","background-media":"","overlay-type":"","overlay-color":"","overlay-opacity":"","overlay-gradient":""},"mobile":{"background-color":"var(--ast-global-color-5)","background-image":"","background-repeat":"repeat","background-position":"center center","background-size":"auto","background-attachment":"scroll","background-type":"","background-media":"","overlay-type":"","overlay-color":"","overlay-opacity":"","overlay-gradient":""}},"_joinchat":[],"footnotes":""},"class_list":["post-2923","page","type-page","status-publish","hentry"],"aioseo_notices":[],"uagb_featured_image_src":{"full":false,"thumbnail":false,"medium":false,"medium_large":false,"large":false,"1536x1536":false,"2048x2048":false,"trp-custom-language-flag":false,"woocommerce_thumbnail":false,"woocommerce_single":false,"woocommerce_gallery_thumbnail":false},"uagb_author_info":{"display_name":"BlahClub","author_link":"https:\/\/blahclub.com\/en\/author\/blahclub22gmail-com\/"},"uagb_comment_info":0,"uagb_excerpt":"Clases privadas de idiomas Preparaci\u00f3n para ex\u00e1menes Clases de conversaci\u00f3n Traducci\u00f3n Tareas dirigidas \u00bfNo encontraste lo que buscabas? No te preocupes, te ayudaremos a encontrar la informaci\u00f3n que necesitas.","_links":{"self":[{"href":"https:\/\/blahclub.com\/en\/wp-json\/wp\/v2\/pages\/2923","targetHints":{"allow":["GET"]}}],"collection":[{"href":"https:\/\/blahclub.com\/en\/wp-json\/wp\/v2\/pages"}],"about":[{"href":"https:\/\/blahclub.com\/en\/wp-json\/wp\/v2\/types\/page"}],"author":[{"embeddable":true,"href":"https:\/\/blahclub.com\/en\/wp-json\/wp\/v2\/users\/1"}],"replies":[{"embeddable":true,"href":"https:\/\/blahclub.com\/en\/wp-json\/wp\/v2\/comments?post=2923"}],"version-history":[{"count":79,"href":"https:\/\/blahclub.com\/en\/wp-json\/wp\/v2\/pages\/2923\/revisions"}],"predecessor-version":[{"id":10518,"href":"https:\/\/blahclub.com\/en\/wp-json\/wp\/v2\/pages\/2923\/revisions\/10518"}],"wp:attachment":[{"href":"https:\/\/blahclub.com\/en\/wp-json\/wp\/v2\/media?parent=2923"}],"curies":[{"name":"wp","href":"https:\/\/api.w.org\/{rel}","templated":true}]}}