{"id":3013,"date":"2025-03-23T21:51:04","date_gmt":"2025-03-23T21:51:04","guid":{"rendered":"https:\/\/blahclub.com\/?page_id=3013"},"modified":"2025-09-12T19:15:37","modified_gmt":"2025-09-13T00:15:37","slug":"traduccion","status":"publish","type":"page","link":"https:\/\/blahclub.com\/en\/traduccion\/","title":{"rendered":"Traduction"},"content":{"rendered":"<div class=\"wp-block-uagb-container uagb-block-10c5e765 alignfull uagb-is-root-container\"><div class=\"uagb-container-inner-blocks-wrap\">\n<div class=\"wp-block-uagb-info-box uagb-block-174fd325 uagb-infobox__content-wrap  uagb-infobox-icon-above-title uagb-infobox-image-valign-top wp-block-uagb-info-box--has-margin\"><div class=\"uagb-infobox-margin-wrapper\"><div class=\"uagb-ifb-content\"><div class=\"uagb-ifb-title-wrap\"><h1 class=\"uagb-ifb-title-prefix\">Traduction<\/h1><h3 class=\"uagb-ifb-title\">Trust us to translate your documents<\/h3><\/div><\/div><\/div><\/div>\n<\/div><\/div>\n\n\n\n<div class=\"wp-block-uagb-container uagb-block-fdd3f7c6 alignfull uagb-is-root-container\"><div class=\"uagb-container-inner-blocks-wrap\">\n<div class=\"wp-block-uagb-container uagb-block-71fe5ca9\">\n<div data-aos= \"fade-right\" data-aos-duration=\"400\" data-aos-delay=\"0\" data-aos-easing=\"ease\" data-aos-once=\"true\" class=\"wp-block-uagb-image aligncenter uagb-block-4509266a wp-block-uagb-image--layout-overlay wp-block-uagb-image--effect-static wp-block-uagb-image--align-center\"><figure class=\"wp-block-uagb-image__figure\"><img decoding=\"async\" srcset=\"https:\/\/blahclub.com\/wp-content\/uploads\/2025\/03\/g709e6a13d772d82de3c8bc93d712bc8acbbe2549fc8ce079b762d9eb14460aa67ddc0b0e07913aacc1c552a4d8ac23dc4d7ce39668edccd3924a880b7555b5bc_1280-7389469-1024x662.jpg ,https:\/\/blahclub.com\/wp-content\/uploads\/2025\/03\/g709e6a13d772d82de3c8bc93d712bc8acbbe2549fc8ce079b762d9eb14460aa67ddc0b0e07913aacc1c552a4d8ac23dc4d7ce39668edccd3924a880b7555b5bc_1280-7389469.jpg 780w, https:\/\/blahclub.com\/wp-content\/uploads\/2025\/03\/g709e6a13d772d82de3c8bc93d712bc8acbbe2549fc8ce079b762d9eb14460aa67ddc0b0e07913aacc1c552a4d8ac23dc4d7ce39668edccd3924a880b7555b5bc_1280-7389469.jpg 360w\" sizes=\"auto, (max-width: 480px) 150px\" src=\"https:\/\/blahclub.com\/wp-content\/uploads\/2025\/03\/g709e6a13d772d82de3c8bc93d712bc8acbbe2549fc8ce079b762d9eb14460aa67ddc0b0e07913aacc1c552a4d8ac23dc4d7ce39668edccd3924a880b7555b5bc_1280-7389469-1024x662.jpg\" alt=\"\" class=\"uag-image-2226\" width=\"460\" height=\"550\" title=\"\" loading=\"lazy\" role=\"img\"\/><div class=\"wp-block-uagb-image--layout-overlay__color-wrapper\"><\/div><div class=\"wp-block-uagb-image--layout-overlay__inner center-center\"><\/div><\/figure><\/div>\n<\/div>\n\n\n\n<div class=\"wp-block-uagb-container uagb-block-8fac0330\">\n<div class=\"wp-block-uagb-advanced-heading uagb-block-c4a16e48\"><h2 class=\"uagb-heading-text\"><strong><em>What should I do?<\/em><\/strong><\/h2><\/div>\n\n\n\n<p class=\"has-text-align-center has-ast-global-color-1-color has-text-color has-link-color has-medium-font-size wp-elements-cac85e73359e04a1d788d1b885280f24\">Send us the document you want to translate (PDF, Word, videos, audios, etc.) and get a quote from us. We translate in Spanish, English, and French.<\/p>\n<\/div>\n<\/div><\/div>\n\n\n\n<div class=\"wp-block-uagb-container uagb-block-83ea7870 alignwide uagb-is-root-container\">\n<div class=\"wp-block-uagb-advanced-heading uagb-block-62429fa9\"><h2 class=\"uagb-heading-text\"><strong><em>Start your quote<\/em><\/strong><\/h2><\/div>\n\n\n\n<div class=\"wp-block-buttons is-content-justification-center is-layout-flex wp-container-core-buttons-is-layout-a89b3969 wp-block-buttons-is-layout-flex\">\n<div class=\"wp-block-button\"><a class=\"wp-block-button__link wp-element-button\" href=\"https:\/\/api.whatsapp.com\/send\/?phone=573003453840&amp;text=Hola+Equipo+BlahClub%2C+quisiera+cotizar+la+traducci\u00f3n+de+...&amp;type=phone_number&amp;app_absent=0\" target=\"_blank\" rel=\"noreferrer noopener\">Contact us<\/a><\/div>\n<\/div>\n<\/div>\n\n\n\n<div class=\"wp-block-uagb-container uagb-block-4df241ac alignfull uagb-is-root-container\"><div class=\"uagb-container-inner-blocks-wrap\">\n<div class=\"wp-block-uagb-container uagb-block-bbca0942\">\n<div class=\"wp-block-uagb-advanced-heading uagb-block-03de32f0\"><h2 class=\"uagb-heading-text\"><strong><em>Can't find what you're looking for?<\/em><\/strong><\/h2><\/div>\n\n\n\n<p class=\"has-text-align-center has-ast-global-color-1-color has-text-color has-link-color has-medium-font-size wp-elements-f35d78a3c04dfdd2e0c72a243edcb20a\">Don't worry, we'll help you find what you need.<\/p>\n\n\n\n<div class=\"wp-block-buttons is-content-justification-center is-layout-flex wp-container-core-buttons-is-layout-a89b3969 wp-block-buttons-is-layout-flex\">\n<div class=\"wp-block-button\"><a class=\"wp-block-button__link wp-element-button\" href=\"https:\/\/api.whatsapp.com\/send\/?phone=573003453840&amp;text=Hola+Equipo+BlahClub%2C+busco+informaci\u00f3n+sobre+...&amp;type=phone_number&amp;app_absent=0\">Send us a message<\/a><\/div>\n<\/div>\n<\/div>\n\n\n\n<div class=\"wp-block-uagb-container uagb-block-cce1a503\">\n<div data-aos= \"fade-right\" data-aos-duration=\"400\" data-aos-delay=\"0\" data-aos-easing=\"ease\" data-aos-once=\"true\" class=\"wp-block-uagb-image uagb-block-42b790e0 wp-block-uagb-image--layout-overlay wp-block-uagb-image--effect-static wp-block-uagb-image--align-none\"><figure class=\"wp-block-uagb-image__figure\"><img decoding=\"async\" srcset=\"https:\/\/blahclub.com\/wp-content\/uploads\/2025\/03\/pexels-photo-5331211-5331211-1-1024x683.jpg ,https:\/\/blahclub.com\/wp-content\/uploads\/2025\/03\/pexels-photo-5331211-5331211-1-scaled.jpg 780w, https:\/\/blahclub.com\/wp-content\/uploads\/2025\/03\/pexels-photo-5331211-5331211-1-scaled.jpg 360w\" sizes=\"auto, (max-width: 480px) 150px\" src=\"https:\/\/blahclub.com\/wp-content\/uploads\/2025\/03\/pexels-photo-5331211-5331211-1-1024x683.jpg\" alt=\"\" class=\"uag-image-2223\" width=\"460\" height=\"550\" title=\"\" loading=\"lazy\" role=\"img\"\/><div class=\"wp-block-uagb-image--layout-overlay__color-wrapper\"><\/div><div class=\"wp-block-uagb-image--layout-overlay__inner center-center\"><\/div><\/figure><\/div>\n<\/div>\n<\/div><\/div>\n\n\n\n<p><\/p>\n\n\n\n<p><\/p>","protected":false},"excerpt":{"rendered":"<p>\u00bfQu\u00e9 debo hacer? Env\u00edanos el documento que deseas traducir (PDF, Word, v\u00eddeos, audios, etc.) y cotiza con nosotros. Traducimos en espa\u00f1ol, ingl\u00e9s y franc\u00e9s. Inicia tu cotizaci\u00f3n \u00bfNo encontraste lo que buscabas? No te preocupes, te ayudaremos a encontrar la informaci\u00f3n que necesitas.<\/p>","protected":false},"author":1,"featured_media":0,"parent":0,"menu_order":0,"comment_status":"closed","ping_status":"closed","template":"","meta":{"_eb_attr":"","_uag_custom_page_level_css":"","site-sidebar-layout":"no-sidebar","site-content-layout":"page-builder","ast-site-content-layout":"full-width-container","site-content-style":"unboxed","site-sidebar-style":"unboxed","ast-global-header-display":"","ast-banner-title-visibility":"","ast-main-header-display":"","ast-hfb-above-header-display":"","ast-hfb-below-header-display":"","ast-hfb-mobile-header-display":"","site-post-title":"disabled","ast-breadcrumbs-content":"","ast-featured-img":"disabled","footer-sml-layout":"","ast-disable-related-posts":"","theme-transparent-header-meta":"disabled","adv-header-id-meta":"","stick-header-meta":"","header-above-stick-meta":"","header-main-stick-meta":"","header-below-stick-meta":"","astra-migrate-meta-layouts":"set","ast-page-background-enabled":"default","ast-page-background-meta":{"desktop":{"background-color":"","background-image":"","background-repeat":"repeat","background-position":"center center","background-size":"auto","background-attachment":"scroll","background-type":"","background-media":"","overlay-type":"","overlay-color":"","overlay-opacity":"","overlay-gradient":""},"tablet":{"background-color":"","background-image":"","background-repeat":"repeat","background-position":"center center","background-size":"auto","background-attachment":"scroll","background-type":"","background-media":"","overlay-type":"","overlay-color":"","overlay-opacity":"","overlay-gradient":""},"mobile":{"background-color":"","background-image":"","background-repeat":"repeat","background-position":"center center","background-size":"auto","background-attachment":"scroll","background-type":"","background-media":"","overlay-type":"","overlay-color":"","overlay-opacity":"","overlay-gradient":""}},"ast-content-background-meta":{"desktop":{"background-color":"var(--ast-global-color-5)","background-image":"","background-repeat":"repeat","background-position":"center center","background-size":"auto","background-attachment":"scroll","background-type":"","background-media":"","overlay-type":"","overlay-color":"","overlay-opacity":"","overlay-gradient":""},"tablet":{"background-color":"var(--ast-global-color-5)","background-image":"","background-repeat":"repeat","background-position":"center center","background-size":"auto","background-attachment":"scroll","background-type":"","background-media":"","overlay-type":"","overlay-color":"","overlay-opacity":"","overlay-gradient":""},"mobile":{"background-color":"var(--ast-global-color-5)","background-image":"","background-repeat":"repeat","background-position":"center center","background-size":"auto","background-attachment":"scroll","background-type":"","background-media":"","overlay-type":"","overlay-color":"","overlay-opacity":"","overlay-gradient":""}},"_joinchat":[],"footnotes":""},"class_list":["post-3013","page","type-page","status-publish","hentry"],"aioseo_notices":[],"uagb_featured_image_src":{"full":false,"thumbnail":false,"medium":false,"medium_large":false,"large":false,"1536x1536":false,"2048x2048":false,"trp-custom-language-flag":false,"woocommerce_thumbnail":false,"woocommerce_single":false,"woocommerce_gallery_thumbnail":false},"uagb_author_info":{"display_name":"BlahClub","author_link":"https:\/\/blahclub.com\/en\/author\/blahclub22gmail-com\/"},"uagb_comment_info":0,"uagb_excerpt":"\u00bfQu\u00e9 debo hacer? Env\u00edanos el documento que deseas traducir (PDF, Word, v\u00eddeos, audios, etc.) y cotiza con nosotros. Traducimos en espa\u00f1ol, ingl\u00e9s y franc\u00e9s. Inicia tu cotizaci\u00f3n \u00bfNo encontraste lo que buscabas? No te preocupes, te ayudaremos a encontrar la informaci\u00f3n que necesitas.","_links":{"self":[{"href":"https:\/\/blahclub.com\/en\/wp-json\/wp\/v2\/pages\/3013","targetHints":{"allow":["GET"]}}],"collection":[{"href":"https:\/\/blahclub.com\/en\/wp-json\/wp\/v2\/pages"}],"about":[{"href":"https:\/\/blahclub.com\/en\/wp-json\/wp\/v2\/types\/page"}],"author":[{"embeddable":true,"href":"https:\/\/blahclub.com\/en\/wp-json\/wp\/v2\/users\/1"}],"replies":[{"embeddable":true,"href":"https:\/\/blahclub.com\/en\/wp-json\/wp\/v2\/comments?post=3013"}],"version-history":[{"count":15,"href":"https:\/\/blahclub.com\/en\/wp-json\/wp\/v2\/pages\/3013\/revisions"}],"predecessor-version":[{"id":6464,"href":"https:\/\/blahclub.com\/en\/wp-json\/wp\/v2\/pages\/3013\/revisions\/6464"}],"wp:attachment":[{"href":"https:\/\/blahclub.com\/en\/wp-json\/wp\/v2\/media?parent=3013"}],"curies":[{"name":"wp","href":"https:\/\/api.w.org\/{rel}","templated":true}]}}