{"id":3039,"date":"2025-03-23T22:43:29","date_gmt":"2025-03-23T22:43:29","guid":{"rendered":"https:\/\/blahclub.com\/?page_id=3039"},"modified":"2025-12-20T14:25:08","modified_gmt":"2025-12-20T19:25:08","slug":"tareas-guiadas","status":"publish","type":"page","link":"https:\/\/blahclub.com\/en\/tareas-guiadas\/","title":{"rendered":"Guided Tutoring"},"content":{"rendered":"<div class=\"wp-block-uagb-container uagb-block-10c5e765 alignfull uagb-is-root-container\"><div class=\"uagb-container-inner-blocks-wrap\">\n<div class=\"wp-block-uagb-info-box uagb-block-174fd325 uagb-infobox__content-wrap  uagb-infobox-icon-above-title uagb-infobox-image-valign-top wp-block-uagb-info-box--has-margin\"><div class=\"uagb-infobox-margin-wrapper\"><div class=\"uagb-ifb-content\"><div class=\"uagb-ifb-title-wrap\"><h1 class=\"uagb-ifb-title-prefix\">Tutoring for children<\/h1><h3 class=\"uagb-ifb-title\">Let us accompany you in your learning.<\/h3><\/div><\/div><\/div><\/div>\n<\/div><\/div>\n\n\n\n<div class=\"wp-block-uagb-container uagb-block-fdd3f7c6 alignfull uagb-is-root-container\"><div class=\"uagb-container-inner-blocks-wrap\">\n<div class=\"wp-block-uagb-container uagb-block-71fe5ca9\">\n<div data-aos= \"fade-right\" data-aos-duration=\"400\" data-aos-delay=\"0\" data-aos-easing=\"ease\" data-aos-once=\"true\" class=\"wp-block-uagb-image aligncenter uagb-block-4509266a wp-block-uagb-image--layout-overlay wp-block-uagb-image--effect-static wp-block-uagb-image--align-center\"><figure class=\"wp-block-uagb-image__figure\"><img decoding=\"async\" srcset=\"https:\/\/blahclub.com\/wp-content\/uploads\/2025\/03\/gebd944d9fc8418f7bffe567d953823c1a5be1879b13fca71e6221ae2b4ef1fdcd29c75c4dbefb108c97c05baaa5eb910d29bfb6cdc85f61a3ae21ce2a48e8656_1280-6956163-e1742769673839-1024x682.jpg ,https:\/\/blahclub.com\/wp-content\/uploads\/2025\/03\/gebd944d9fc8418f7bffe567d953823c1a5be1879b13fca71e6221ae2b4ef1fdcd29c75c4dbefb108c97c05baaa5eb910d29bfb6cdc85f61a3ae21ce2a48e8656_1280-6956163-e1742769673839.jpg 780w, https:\/\/blahclub.com\/wp-content\/uploads\/2025\/03\/gebd944d9fc8418f7bffe567d953823c1a5be1879b13fca71e6221ae2b4ef1fdcd29c75c4dbefb108c97c05baaa5eb910d29bfb6cdc85f61a3ae21ce2a48e8656_1280-6956163-e1742769673839.jpg 360w\" sizes=\"auto, (max-width: 480px) 150px\" src=\"https:\/\/blahclub.com\/wp-content\/uploads\/2025\/03\/gebd944d9fc8418f7bffe567d953823c1a5be1879b13fca71e6221ae2b4ef1fdcd29c75c4dbefb108c97c05baaa5eb910d29bfb6cdc85f61a3ae21ce2a48e8656_1280-6956163-e1742769673839-1024x682.jpg\" alt=\"\" class=\"uag-image-3043\" width=\"460\" height=\"550\" title=\"\" loading=\"lazy\" role=\"img\"\/><div class=\"wp-block-uagb-image--layout-overlay__color-wrapper\"><\/div><div class=\"wp-block-uagb-image--layout-overlay__inner center-center\"><\/div><\/figure><\/div>\n<\/div>\n\n\n\n<div class=\"wp-block-uagb-container uagb-block-8fac0330\">\n<div class=\"wp-block-uagb-advanced-heading uagb-block-c4a16e48\"><h2 class=\"uagb-heading-text\"><strong><em>How do I access this service?<\/em><\/strong><\/h2><\/div>\n\n\n\n<p class=\"has-text-align-center has-ast-global-color-1-color has-text-color has-link-color has-medium-font-size wp-elements-5223ac48f60c7b322a1b6f6531f6c0f8\">It\u2019s very simple. You just need to book 1 hour with our tutors, and we\u2019ll assist you with your Spanish, English, or French homework via ZOOM. Classes must be booked at least 24 hours in advance.<\/p>\n<\/div>\n<\/div><\/div>\n\n\n\n<div class=\"wp-block-uagb-container uagb-block-a3369455 alignwide uagb-is-root-container\">\n<div class=\"wp-block-uagb-advanced-heading uagb-block-62429fa9\"><h2 class=\"uagb-heading-text\"><strong><em>Book your first hour for $10<\/em><\/strong><em> <strong>USD<\/strong><\/em><\/h2><\/div>\n\n\n\n<div class=\"wp-block-buttons is-content-justification-center is-layout-flex wp-container-core-buttons-is-layout-a89b3969 wp-block-buttons-is-layout-flex\">\n<div class=\"wp-block-button\"><a class=\"wp-block-button__link wp-element-button\" href=\"https:\/\/blahclub.com\/en\/product\/tareas-dirigidas\/\" target=\"_blank\" rel=\"noreferrer noopener\">Get it now<\/a><\/div>\n<\/div>\n<\/div>\n\n\n\n<div class=\"wp-block-uagb-container uagb-block-4df241ac alignfull uagb-is-root-container\"><div class=\"uagb-container-inner-blocks-wrap\">\n<div class=\"wp-block-uagb-container uagb-block-bbca0942\">\n<div class=\"wp-block-uagb-advanced-heading uagb-block-03de32f0\"><h2 class=\"uagb-heading-text\"><strong><em>Can't find what you're looking for?<\/em><\/strong><\/h2><\/div>\n\n\n\n<div class=\"wp-block-uagb-advanced-heading uagb-block-4f4115bb\"><h4 class=\"uagb-heading-text\">Don't worry, we'll help you find what you need.<\/h4><\/div>\n\n\n\n<div class=\"wp-block-buttons is-content-justification-center is-layout-flex wp-container-core-buttons-is-layout-a89b3969 wp-block-buttons-is-layout-flex\">\n<div class=\"wp-block-button\"><a class=\"wp-block-button__link wp-element-button\" href=\"https:\/\/api.whatsapp.com\/send\/?phone=573003453840&amp;text=Hola+Equipo+BlahClub%2C+busco+informaci\u00f3n+sobre+...&amp;type=phone_number&amp;app_absent=0\" target=\"_blank\" rel=\"noreferrer noopener\">Send us a message<\/a><\/div>\n<\/div>\n<\/div>\n\n\n\n<div class=\"wp-block-uagb-container uagb-block-cce1a503\">\n<div data-aos= \"fade-right\" data-aos-duration=\"400\" data-aos-delay=\"0\" data-aos-easing=\"ease\" data-aos-once=\"true\" class=\"wp-block-uagb-image uagb-block-42b790e0 wp-block-uagb-image--layout-overlay wp-block-uagb-image--effect-static wp-block-uagb-image--align-none\"><figure class=\"wp-block-uagb-image__figure\"><img decoding=\"async\" srcset=\"https:\/\/blahclub.com\/wp-content\/uploads\/2025\/12\/3-819x1024.jpg ,https:\/\/blahclub.com\/wp-content\/uploads\/2025\/12\/3.jpg 780w, https:\/\/blahclub.com\/wp-content\/uploads\/2025\/12\/3.jpg 360w\" sizes=\"auto, (max-width: 480px) 150px\" src=\"https:\/\/blahclub.com\/wp-content\/uploads\/2025\/12\/3-819x1024.jpg\" alt=\"\" class=\"uag-image-8061\" width=\"460\" height=\"550\" title=\"\" loading=\"lazy\" role=\"img\"\/><div class=\"wp-block-uagb-image--layout-overlay__color-wrapper\"><\/div><div class=\"wp-block-uagb-image--layout-overlay__inner center-center\"><\/div><\/figure><\/div>\n<\/div>\n<\/div><\/div>\n\n\n\n<p><\/p>\n\n\n\n<p><\/p>","protected":false},"excerpt":{"rendered":"<p>\u00bfC\u00f3mo accedo a este servicio? Es muy sencillo. S\u00f3lo debes reservar 1 hora con nuestros tutores y te apoyaremos en la realizaci\u00f3n de tus tareas de espa\u00f1ol, ingl\u00e9s o franc\u00e9s v\u00eda ZOOM. Las clases deben reservarse con un m\u00ednimo de 24 horas de anticipaci\u00f3n. Agenda tu primera hora por s\u00f3lo $10 USD \u00bfNo encontraste lo [&hellip;]<\/p>\n","protected":false},"author":1,"featured_media":0,"parent":0,"menu_order":0,"comment_status":"closed","ping_status":"closed","template":"","meta":{"_eb_attr":"","_uag_custom_page_level_css":"","site-sidebar-layout":"no-sidebar","site-content-layout":"page-builder","ast-site-content-layout":"full-width-container","site-content-style":"unboxed","site-sidebar-style":"unboxed","ast-global-header-display":"","ast-banner-title-visibility":"","ast-main-header-display":"","ast-hfb-above-header-display":"","ast-hfb-below-header-display":"","ast-hfb-mobile-header-display":"","site-post-title":"disabled","ast-breadcrumbs-content":"","ast-featured-img":"disabled","footer-sml-layout":"","ast-disable-related-posts":"","theme-transparent-header-meta":"disabled","adv-header-id-meta":"","stick-header-meta":"","header-above-stick-meta":"","header-main-stick-meta":"","header-below-stick-meta":"","astra-migrate-meta-layouts":"set","ast-page-background-enabled":"default","ast-page-background-meta":{"desktop":{"background-color":"","background-image":"","background-repeat":"repeat","background-position":"center center","background-size":"auto","background-attachment":"scroll","background-type":"","background-media":"","overlay-type":"","overlay-color":"","overlay-opacity":"","overlay-gradient":""},"tablet":{"background-color":"","background-image":"","background-repeat":"repeat","background-position":"center center","background-size":"auto","background-attachment":"scroll","background-type":"","background-media":"","overlay-type":"","overlay-color":"","overlay-opacity":"","overlay-gradient":""},"mobile":{"background-color":"","background-image":"","background-repeat":"repeat","background-position":"center center","background-size":"auto","background-attachment":"scroll","background-type":"","background-media":"","overlay-type":"","overlay-color":"","overlay-opacity":"","overlay-gradient":""}},"ast-content-background-meta":{"desktop":{"background-color":"var(--ast-global-color-5)","background-image":"","background-repeat":"repeat","background-position":"center center","background-size":"auto","background-attachment":"scroll","background-type":"","background-media":"","overlay-type":"","overlay-color":"","overlay-opacity":"","overlay-gradient":""},"tablet":{"background-color":"var(--ast-global-color-5)","background-image":"","background-repeat":"repeat","background-position":"center center","background-size":"auto","background-attachment":"scroll","background-type":"","background-media":"","overlay-type":"","overlay-color":"","overlay-opacity":"","overlay-gradient":""},"mobile":{"background-color":"var(--ast-global-color-5)","background-image":"","background-repeat":"repeat","background-position":"center center","background-size":"auto","background-attachment":"scroll","background-type":"","background-media":"","overlay-type":"","overlay-color":"","overlay-opacity":"","overlay-gradient":""}},"_joinchat":[],"footnotes":""},"class_list":["post-3039","page","type-page","status-publish","hentry"],"aioseo_notices":[],"uagb_featured_image_src":{"full":false,"thumbnail":false,"medium":false,"medium_large":false,"large":false,"1536x1536":false,"2048x2048":false,"trp-custom-language-flag":false,"woocommerce_thumbnail":false,"woocommerce_single":false,"woocommerce_gallery_thumbnail":false},"uagb_author_info":{"display_name":"BlahClub","author_link":"https:\/\/blahclub.com\/en\/author\/blahclub22gmail-com\/"},"uagb_comment_info":0,"uagb_excerpt":"\u00bfC\u00f3mo accedo a este servicio? Es muy sencillo. S\u00f3lo debes reservar 1 hora con nuestros tutores y te apoyaremos en la realizaci\u00f3n de tus tareas de espa\u00f1ol, ingl\u00e9s o franc\u00e9s v\u00eda ZOOM. Las clases deben reservarse con un m\u00ednimo de 24 horas de anticipaci\u00f3n. Agenda tu primera hora por s\u00f3lo $10 USD \u00bfNo encontraste lo&hellip;","_links":{"self":[{"href":"https:\/\/blahclub.com\/en\/wp-json\/wp\/v2\/pages\/3039","targetHints":{"allow":["GET"]}}],"collection":[{"href":"https:\/\/blahclub.com\/en\/wp-json\/wp\/v2\/pages"}],"about":[{"href":"https:\/\/blahclub.com\/en\/wp-json\/wp\/v2\/types\/page"}],"author":[{"embeddable":true,"href":"https:\/\/blahclub.com\/en\/wp-json\/wp\/v2\/users\/1"}],"replies":[{"embeddable":true,"href":"https:\/\/blahclub.com\/en\/wp-json\/wp\/v2\/comments?post=3039"}],"version-history":[{"count":16,"href":"https:\/\/blahclub.com\/en\/wp-json\/wp\/v2\/pages\/3039\/revisions"}],"predecessor-version":[{"id":8364,"href":"https:\/\/blahclub.com\/en\/wp-json\/wp\/v2\/pages\/3039\/revisions\/8364"}],"wp:attachment":[{"href":"https:\/\/blahclub.com\/en\/wp-json\/wp\/v2\/media?parent=3039"}],"curies":[{"name":"wp","href":"https:\/\/api.w.org\/{rel}","templated":true}]}}