{"id":327,"date":"2025-03-05T13:38:12","date_gmt":"2025-03-05T13:38:12","guid":{"rendered":"https:\/\/\/about\/"},"modified":"2026-04-24T15:20:42","modified_gmt":"2026-04-24T20:20:42","slug":"nosotros","status":"publish","type":"page","link":"https:\/\/blahclub.com\/en\/nosotros\/","title":{"rendered":"About us"},"content":{"rendered":"<div class=\"wp-block-uagb-container uagb-block-cb6f3df6 alignfull uagb-is-root-container\"><div class=\"uagb-container-inner-blocks-wrap\">\n<div class=\"wp-block-uagb-info-box uagb-block-174fd325 uagb-infobox__content-wrap  uagb-infobox-icon-above-title uagb-infobox-image-valign-top wp-block-uagb-info-box--has-margin\"><div class=\"uagb-infobox-margin-wrapper\"><div class=\"uagb-ifb-content\"><div class=\"uagb-ifb-title-wrap\"><h1 class=\"uagb-ifb-title-prefix\">About us<\/h1><h3 class=\"uagb-ifb-title\">We are language-loving teachers excited to share our passion with others.<\/h3><\/div><\/div><\/div><\/div>\n<\/div><\/div>\n\n\n\n<div class=\"wp-block-uagb-container uagb-block-b5b01899 alignfull uagb-is-root-container\"><div class=\"uagb-container-inner-blocks-wrap\">\n<div style=\"height:30px\" aria-hidden=\"true\" class=\"wp-block-spacer\"><\/div>\n<\/div><\/div>\n\n\n\n<div class=\"wp-block-uagb-advanced-heading uagb-block-37721a1b\"><h2 class=\"uagb-heading-text\"><mark style=\"background-color:var(--ast-global-color-6)\" class=\"has-inline-color has-ast-global-color-5-color\">\u00a1<strong>Hi!<\/strong><\/mark> Learn more about us<\/h2><\/div>\n\n\n\n<div class=\"wp-block-uagb-container uagb-block-1274e3e1 alignfull uagb-is-root-container\"><div class=\"uagb-container-inner-blocks-wrap\">\n<div class=\"wp-block-uagb-container uagb-block-10efa629\">\n<div class=\"wp-block-uagb-image uagb-block-cdafd771 wp-block-uagb-image--layout-default wp-block-uagb-image--effect-zoomin wp-block-uagb-image--align-none\"><figure class=\"wp-block-uagb-image__figure\"><img decoding=\"async\" srcset=\"https:\/\/blahclub.com\/wp-content\/uploads\/2025\/08\/1-819x1024.png ,https:\/\/blahclub.com\/wp-content\/uploads\/2025\/08\/1.png 780w, https:\/\/blahclub.com\/wp-content\/uploads\/2025\/08\/1.png 360w\" sizes=\"auto, (max-width: 480px) 150px\" src=\"https:\/\/blahclub.com\/wp-content\/uploads\/2025\/08\/1-819x1024.png\" alt=\"\" class=\"uag-image-5967\" width=\"1080\" height=\"1350\" title=\"\" loading=\"lazy\" role=\"img\"\/><\/figure><\/div>\n\n\n\n<div class=\"wp-block-uagb-advanced-heading uagb-block-f4084d50\"><h2 class=\"uagb-heading-text\"><mark style=\"background-color:var(--ast-global-color-0);color:#ffffff\" class=\"has-inline-color\">Diana<\/mark><\/h2><\/div>\n<\/div>\n\n\n\n<div class=\"wp-block-uagb-container uagb-block-f672f254\">\n<div class=\"wp-block-uagb-image uagb-block-bf00ac8d wp-block-uagb-image--layout-default wp-block-uagb-image--effect-zoomin wp-block-uagb-image--align-none\"><figure class=\"wp-block-uagb-image__figure\"><img decoding=\"async\" srcset=\"https:\/\/blahclub.com\/wp-content\/uploads\/2025\/08\/Jeff-1-819x1024.png ,https:\/\/blahclub.com\/wp-content\/uploads\/2025\/08\/Jeff-1.png 780w, https:\/\/blahclub.com\/wp-content\/uploads\/2025\/08\/Jeff-1.png 360w\" sizes=\"auto, (max-width: 480px) 150px\" src=\"https:\/\/blahclub.com\/wp-content\/uploads\/2025\/08\/Jeff-1-819x1024.png\" alt=\"\" class=\"uag-image-5974\" width=\"1080\" height=\"1350\" title=\"\" loading=\"lazy\" role=\"img\"\/><\/figure><\/div>\n\n\n\n<div class=\"wp-block-uagb-advanced-heading uagb-block-66d87c73\"><h2 class=\"uagb-heading-text\"><mark style=\"background-color:var(--ast-global-color-0);color:#ffffff\" class=\"has-inline-color\">Jefferson<\/mark><\/h2><\/div>\n<\/div>\n<\/div><\/div>\n\n\n\n<div class=\"wp-block-uagb-container uagb-block-e28e7af6 alignfull uagb-is-root-container\"><div class=\"uagb-container-inner-blocks-wrap\">\n<div class=\"wp-block-uagb-image uagb-block-b9fd87e5 wp-block-uagb-image--layout-default wp-block-uagb-image--effect-static wp-block-uagb-image--align-none\"><figure class=\"wp-block-uagb-image__figure\"><img decoding=\"async\" srcset=\"https:\/\/blahclub.com\/wp-content\/uploads\/2025\/12\/mano.png ,https:\/\/blahclub.com\/wp-content\/uploads\/2025\/12\/mano.png 780w, https:\/\/blahclub.com\/wp-content\/uploads\/2025\/12\/mano.png 360w\" sizes=\"auto, (max-width: 480px) 150px\" src=\"https:\/\/blahclub.com\/wp-content\/uploads\/2025\/12\/mano.png\" alt=\"\" class=\"uag-image-8309\" width=\"70\" height=\"70\" title=\"mano\" loading=\"lazy\" role=\"img\"\/><\/figure><\/div>\n\n\n\n<div class=\"wp-block-uagb-advanced-heading uagb-block-b70a4387\"><h2 class=\"uagb-heading-text\">Our own experience<\/h2><div class=\"uagb-separator\"><\/div><\/div>\n\n\n\n<div class=\"wp-block-uagb-advanced-heading uagb-block-946e0f29\"><h5 class=\"uagb-heading-text\"><mark style=\"background-color:rgba(0, 0, 0, 0);color:#ffffff\" class=\"has-inline-color\">Having been students of other languages ourselves allows us to understand the challenges our students face: limited time to learn, fear of speaking in front of others, lack of interest due to monotonous lessons, etc. That\u2019s why we offer a positive, effective, and personalized experience that adapts to each student\u2019s profile. <\/mark><\/h5><\/div>\n<\/div><\/div>\n\n\n\n<div class=\"wp-block-uagb-container uagb-block-866a6f8c alignfull uagb-is-root-container\"><div class=\"uagb-container-inner-blocks-wrap\">\n<div class=\"wp-block-uagb-container uagb-block-bd33255e\">\n<div class=\"wp-block-uagb-advanced-heading uagb-block-051c191c\"><h3 class=\"uagb-heading-text\">Our <mark style=\"background-color:#ffffff\" class=\"has-inline-color has-ast-global-color-0-color\">Vision<\/mark><\/h3><div class=\"uagb-separator\"><\/div><\/div>\n\n\n\n<div class=\"wp-block-uagb-advanced-heading uagb-block-4f830c24\"><h5 class=\"uagb-heading-text\">To be a reference in personalized language teaching and learning, providing our students with a unique and enriching experience both personally and professionally.<\/h5><\/div>\n<\/div>\n\n\n\n<div class=\"wp-block-uagb-container uagb-block-ff8d2001\">\n<div class=\"wp-block-uagb-advanced-heading uagb-block-ebdf962f\"><h3 class=\"uagb-heading-text\">Our <mark style=\"background-color:#ffffff\" class=\"has-inline-color has-ast-global-color-0-color\">Mission<\/mark><\/h3><div class=\"uagb-separator\"><\/div><\/div>\n\n\n\n<div class=\"wp-block-uagb-advanced-heading uagb-block-a1eb82c7\"><h5 class=\"uagb-heading-text\">To design Spanish, English, or French courses tailored to our students' needs, allowing them to achieve their goals while enjoying the process.<\/h5><\/div>\n<\/div>\n<\/div><\/div>\n\n\n\n<div class=\"wp-block-uagb-container uagb-block-ac245e34 alignfull uagb-is-root-container\"><div class=\"uagb-container-inner-blocks-wrap\">\n<div class=\"wp-block-uagb-image uagb-block-e7dd40b2 wp-block-uagb-image--layout-default wp-block-uagb-image--effect-static wp-block-uagb-image--align-none\"><figure class=\"wp-block-uagb-image__figure\"><img decoding=\"async\" srcset=\"https:\/\/blahclub.com\/wp-content\/uploads\/2025\/12\/atencion-medica.png ,https:\/\/blahclub.com\/wp-content\/uploads\/2025\/12\/atencion-medica.png 780w, https:\/\/blahclub.com\/wp-content\/uploads\/2025\/12\/atencion-medica.png 360w\" sizes=\"auto, (max-width: 480px) 150px\" src=\"https:\/\/blahclub.com\/wp-content\/uploads\/2025\/12\/atencion-medica.png\" alt=\"\" class=\"uag-image-8345\" width=\"70\" height=\"70\" title=\"atencion-medica\" loading=\"lazy\" role=\"img\"\/><\/figure><\/div>\n\n\n\n<div class=\"wp-block-uagb-advanced-heading uagb-block-5a8bfbfd\"><h2 class=\"uagb-heading-text\">Our motivation<\/h2><div class=\"uagb-separator\"><\/div><\/div>\n<\/div><\/div>\n\n\n\n<div class=\"wp-block-uagb-container uagb-block-83b27fe4 alignfull uagb-is-root-container\"><div class=\"uagb-container-inner-blocks-wrap\">\n<div class=\"wp-block-uagb-info-box uagb-block-905536b0 uagb-infobox__content-wrap  uagb-infobox-icon-above-title uagb-infobox-image-valign-top\"><div class=\"uagb-ifb-content\"><div class=\"uagb-ifb-title-wrap\"><h3 class=\"uagb-ifb-title\">Why did we decide to create <em><mark style=\"background-color:var(--ast-global-color-6);color:#ffffff\" class=\"has-inline-color\">BlahClub<\/mark><\/em>?<\/h3><\/div><\/div><\/div>\n<\/div><\/div>\n\n\n\n<div class=\"wp-block-uagb-container uagb-layout-grid uagb-block-fecc6020 alignfull uagb-is-root-container\"><div class=\"uagb-container-inner-blocks-wrap\">\n<div class=\"wp-block-uagb-info-box uagb-block-7e678bdc uagb-infobox__content-wrap  uagb-infobox-icon-left uagb-infobox-left uagb-infobox-image-valign-top wp-block-uagb-info-box--has-margin\"><div class=\"uagb-infobox-margin-wrapper\"><div class=\"uagb-ifb-icon-wrap\"><svg xmlns=\"https:\/\/www.w3.org\/2000\/svg\" viewbox=\"0 0 448 512\"><path d=\"M438.6 278.6l-160 160C272.4 444.9 264.2 448 256 448s-16.38-3.125-22.62-9.375c-12.5-12.5-12.5-32.75 0-45.25L338.8 288H32C14.33 288 .0016 273.7 .0016 256S14.33 224 32 224h306.8l-105.4-105.4c-12.5-12.5-12.5-32.75 0-45.25s32.75-12.5 45.25 0l160 160C451.1 245.9 451.1 266.1 438.6 278.6z\"><\/path><\/svg><\/div><div class=\"uagb-ifb-content\"><div class=\"uagb-ifb-title-wrap\"><h4 class=\"uagb-ifb-title\">To offer alternatives<\/h4><\/div><p class=\"uagb-ifb-desc\">The high costs of language schools for personalized lessons force students to take group classes that are poorly adapted to their needs.<\/p><\/div><\/div><\/div>\n\n\n\n<div class=\"wp-block-uagb-info-box uagb-block-4b520309 uagb-infobox__content-wrap  uagb-infobox-icon-left uagb-infobox-left uagb-infobox-image-valign-top wp-block-uagb-info-box--has-margin\"><div class=\"uagb-infobox-margin-wrapper\"><div class=\"uagb-ifb-icon-wrap\"><svg xmlns=\"https:\/\/www.w3.org\/2000\/svg\" viewbox=\"0 0 448 512\"><path d=\"M438.6 278.6l-160 160C272.4 444.9 264.2 448 256 448s-16.38-3.125-22.62-9.375c-12.5-12.5-12.5-32.75 0-45.25L338.8 288H32C14.33 288 .0016 273.7 .0016 256S14.33 224 32 224h306.8l-105.4-105.4c-12.5-12.5-12.5-32.75 0-45.25s32.75-12.5 45.25 0l160 160C451.1 245.9 451.1 266.1 438.6 278.6z\"><\/path><\/svg><\/div><div class=\"uagb-ifb-content\"><div class=\"uagb-ifb-title-wrap\"><h4 class=\"uagb-ifb-title\">To provide confidence<\/h4><\/div><p class=\"uagb-ifb-desc\">It\u2019s important for us that our students know they are in the hands of professionals, which is why we reach out to them through our official website.<\/p><\/div><\/div><\/div>\n\n\n\n<div class=\"wp-block-uagb-info-box uagb-block-36e3ab2a uagb-infobox__content-wrap  uagb-infobox-icon-left uagb-infobox-left uagb-infobox-image-valign-top\"><div class=\"uagb-ifb-icon-wrap\"><svg xmlns=\"https:\/\/www.w3.org\/2000\/svg\" viewbox=\"0 0 448 512\"><path d=\"M438.6 278.6l-160 160C272.4 444.9 264.2 448 256 448s-16.38-3.125-22.62-9.375c-12.5-12.5-12.5-32.75 0-45.25L338.8 288H32C14.33 288 .0016 273.7 .0016 256S14.33 224 32 224h306.8l-105.4-105.4c-12.5-12.5-12.5-32.75 0-45.25s32.75-12.5 45.25 0l160 160C451.1 245.9 451.1 266.1 438.6 278.6z\"><\/path><\/svg><\/div><div class=\"uagb-ifb-content\"><div class=\"uagb-ifb-title-wrap\"><h4 class=\"uagb-ifb-title\">To transmit a passion<\/h4><\/div><p class=\"uagb-ifb-desc\">The experience of some people in language classes is clouded by the work of teachers without passion. In BlahClub <em>BlahCub<\/em>, we love teaching and we convey that in every class.<\/p><\/div><\/div>\n\n\n\n<div class=\"wp-block-uagb-info-box uagb-block-7bfa241f uagb-infobox__content-wrap  uagb-infobox-icon-left uagb-infobox-left uagb-infobox-image-valign-top\"><div class=\"uagb-ifb-icon-wrap\"><svg xmlns=\"https:\/\/www.w3.org\/2000\/svg\" viewbox=\"0 0 448 512\"><path d=\"M438.6 278.6l-160 160C272.4 444.9 264.2 448 256 448s-16.38-3.125-22.62-9.375c-12.5-12.5-12.5-32.75 0-45.25L338.8 288H32C14.33 288 .0016 273.7 .0016 256S14.33 224 32 224h306.8l-105.4-105.4c-12.5-12.5-12.5-32.75 0-45.25s32.75-12.5 45.25 0l160 160C451.1 245.9 451.1 266.1 438.6 278.6z\"><\/path><\/svg><\/div><div class=\"uagb-ifb-content\"><div class=\"uagb-ifb-title-wrap\"><h4 class=\"uagb-ifb-title\">To make the process easier<\/h4><\/div><p class=\"uagb-ifb-desc\">Thanks to online classes and personalized attention, learning with us is incredibly easy. We listen to your requests and provide solutions.<\/p><\/div><\/div>\n<\/div><\/div>\n\n\n\n<div class=\"wp-block-uagb-container uagb-block-0fc8781a alignfull uagb-is-root-container\"><div class=\"uagb-container-inner-blocks-wrap\">\n<div style=\"height:73px\" aria-hidden=\"true\" class=\"wp-block-spacer\"><\/div>\n<\/div><\/div>\n\n\n\n<p><\/p>","protected":false},"excerpt":{"rendered":"<p>\u00a1Hola! Con\u00f3cenos un poco m\u00e1s Diana Jefferson Nuestra propia experiencia Haber sido estudiantes de otros idiomas nos permite entender los desaf\u00edos que nuestros clientes enfrentan: poco tiempo disponible para aprender, miedo de hablar frente a otros, falta de inter\u00e9s causado por las clases mon\u00f3tonas, etc. Es por esto que brindamos una experiencia positiva, eficaz y [&hellip;]<\/p>\n","protected":false},"author":1,"featured_media":0,"parent":0,"menu_order":0,"comment_status":"closed","ping_status":"closed","template":"","meta":{"_eb_attr":"","_uag_custom_page_level_css":"","site-sidebar-layout":"no-sidebar","site-content-layout":"page-builder","ast-site-content-layout":"full-width-container","site-content-style":"unboxed","site-sidebar-style":"unboxed","ast-global-header-display":"","ast-banner-title-visibility":"","ast-main-header-display":"","ast-hfb-above-header-display":"","ast-hfb-below-header-display":"","ast-hfb-mobile-header-display":"","site-post-title":"disabled","ast-breadcrumbs-content":"","ast-featured-img":"disabled","footer-sml-layout":"","ast-disable-related-posts":"","theme-transparent-header-meta":"disabled","adv-header-id-meta":"","stick-header-meta":"","header-above-stick-meta":"","header-main-stick-meta":"","header-below-stick-meta":"","astra-migrate-meta-layouts":"set","ast-page-background-enabled":"default","ast-page-background-meta":{"desktop":{"background-color":"","background-image":"","background-repeat":"repeat","background-position":"center center","background-size":"auto","background-attachment":"scroll","background-type":"","background-media":"","overlay-type":"","overlay-color":"","overlay-opacity":"","overlay-gradient":""},"tablet":{"background-color":"","background-image":"","background-repeat":"repeat","background-position":"center center","background-size":"auto","background-attachment":"scroll","background-type":"","background-media":"","overlay-type":"","overlay-color":"","overlay-opacity":"","overlay-gradient":""},"mobile":{"background-color":"","background-image":"","background-repeat":"repeat","background-position":"center center","background-size":"auto","background-attachment":"scroll","background-type":"","background-media":"","overlay-type":"","overlay-color":"","overlay-opacity":"","overlay-gradient":""}},"ast-content-background-meta":{"desktop":{"background-color":"var(--ast-global-color-5)","background-image":"","background-repeat":"repeat","background-position":"center center","background-size":"auto","background-attachment":"scroll","background-type":"","background-media":"","overlay-type":"","overlay-color":"","overlay-opacity":"","overlay-gradient":""},"tablet":{"background-color":"var(--ast-global-color-5)","background-image":"","background-repeat":"repeat","background-position":"center center","background-size":"auto","background-attachment":"scroll","background-type":"","background-media":"","overlay-type":"","overlay-color":"","overlay-opacity":"","overlay-gradient":""},"mobile":{"background-color":"var(--ast-global-color-5)","background-image":"","background-repeat":"repeat","background-position":"center center","background-size":"auto","background-attachment":"scroll","background-type":"","background-media":"","overlay-type":"","overlay-color":"","overlay-opacity":"","overlay-gradient":""}},"_joinchat":[],"footnotes":""},"class_list":["post-327","page","type-page","status-publish","hentry"],"aioseo_notices":[],"uagb_featured_image_src":{"full":false,"thumbnail":false,"medium":false,"medium_large":false,"large":false,"1536x1536":false,"2048x2048":false,"trp-custom-language-flag":false,"woocommerce_thumbnail":false,"woocommerce_single":false,"woocommerce_gallery_thumbnail":false},"uagb_author_info":{"display_name":"BlahClub","author_link":"https:\/\/blahclub.com\/en\/author\/blahclub22gmail-com\/"},"uagb_comment_info":0,"uagb_excerpt":"\u00a1Hola! Con\u00f3cenos un poco m\u00e1s Diana Jefferson Nuestra propia experiencia Haber sido estudiantes de otros idiomas nos permite entender los desaf\u00edos que nuestros clientes enfrentan: poco tiempo disponible para aprender, miedo de hablar frente a otros, falta de inter\u00e9s causado por las clases mon\u00f3tonas, etc. Es por esto que brindamos una experiencia positiva, eficaz y&hellip;","_links":{"self":[{"href":"https:\/\/blahclub.com\/en\/wp-json\/wp\/v2\/pages\/327","targetHints":{"allow":["GET"]}}],"collection":[{"href":"https:\/\/blahclub.com\/en\/wp-json\/wp\/v2\/pages"}],"about":[{"href":"https:\/\/blahclub.com\/en\/wp-json\/wp\/v2\/types\/page"}],"author":[{"embeddable":true,"href":"https:\/\/blahclub.com\/en\/wp-json\/wp\/v2\/users\/1"}],"replies":[{"embeddable":true,"href":"https:\/\/blahclub.com\/en\/wp-json\/wp\/v2\/comments?post=327"}],"version-history":[{"count":97,"href":"https:\/\/blahclub.com\/en\/wp-json\/wp\/v2\/pages\/327\/revisions"}],"predecessor-version":[{"id":10517,"href":"https:\/\/blahclub.com\/en\/wp-json\/wp\/v2\/pages\/327\/revisions\/10517"}],"wp:attachment":[{"href":"https:\/\/blahclub.com\/en\/wp-json\/wp\/v2\/media?parent=327"}],"curies":[{"name":"wp","href":"https:\/\/api.w.org\/{rel}","templated":true}]}}