{"id":3990,"date":"2025-05-01T19:46:49","date_gmt":"2025-05-02T00:46:49","guid":{"rendered":"https:\/\/blahclub.com\/?post_type=product&#038;p=3990"},"modified":"2025-10-01T12:47:48","modified_gmt":"2025-10-01T17:47:48","slug":"tareas-dirigidas","status":"publish","type":"product","link":"https:\/\/blahclub.com\/en\/product\/tareas-dirigidas\/","title":{"rendered":"Tutoring for children"},"content":{"rendered":"","protected":false},"excerpt":{"rendered":"<ul>\n<li>Acompa\u00f1amiento personalizado<\/li>\n<li>Metodolog\u00eda adaptada a todas las edades<\/li>\n<li>Guaranteed results<\/li>\n<li>Flexibilidad horaria<\/li>\n<li>Atenci\u00f3n 24\/7<\/li>\n<\/ul>","protected":false},"featured_media":6900,"template":"","meta":{"_eb_attr":"","_uag_custom_page_level_css":"","site-sidebar-layout":"default","site-content-layout":"","ast-site-content-layout":"default","site-content-style":"default","site-sidebar-style":"default","ast-global-header-display":"","ast-banner-title-visibility":"","ast-main-header-display":"","ast-hfb-above-header-display":"","ast-hfb-below-header-display":"","ast-hfb-mobile-header-display":"","site-post-title":"","ast-breadcrumbs-content":"","ast-featured-img":"","footer-sml-layout":"","ast-disable-related-posts":"","theme-transparent-header-meta":"default","adv-header-id-meta":"","stick-header-meta":"","header-above-stick-meta":"","header-main-stick-meta":"","header-below-stick-meta":"","astra-migrate-meta-layouts":"set","ast-page-background-enabled":"default","ast-page-background-meta":{"desktop":{"background-color":"","background-image":"","background-repeat":"repeat","background-position":"center center","background-size":"auto","background-attachment":"scroll","background-type":"","background-media":"","overlay-type":"","overlay-color":"","overlay-opacity":"","overlay-gradient":""},"tablet":{"background-color":"","background-image":"","background-repeat":"repeat","background-position":"center center","background-size":"auto","background-attachment":"scroll","background-type":"","background-media":"","overlay-type":"","overlay-color":"","overlay-opacity":"","overlay-gradient":""},"mobile":{"background-color":"","background-image":"","background-repeat":"repeat","background-position":"center center","background-size":"auto","background-attachment":"scroll","background-type":"","background-media":"","overlay-type":"","overlay-color":"","overlay-opacity":"","overlay-gradient":""}},"ast-content-background-meta":{"desktop":{"background-color":"var(--ast-global-color-5)","background-image":"","background-repeat":"repeat","background-position":"center center","background-size":"auto","background-attachment":"scroll","background-type":"","background-media":"","overlay-type":"","overlay-color":"","overlay-opacity":"","overlay-gradient":""},"tablet":{"background-color":"var(--ast-global-color-5)","background-image":"","background-repeat":"repeat","background-position":"center center","background-size":"auto","background-attachment":"scroll","background-type":"","background-media":"","overlay-type":"","overlay-color":"","overlay-opacity":"","overlay-gradient":""},"mobile":{"background-color":"var(--ast-global-color-5)","background-image":"","background-repeat":"repeat","background-position":"center center","background-size":"auto","background-attachment":"scroll","background-type":"","background-media":"","overlay-type":"","overlay-color":"","overlay-opacity":"","overlay-gradient":""}},"_joinchat":[]},"product_brand":[],"product_cat":[39],"product_tag":[],"class_list":{"0":"post-3990","1":"product","2":"type-product","3":"status-publish","4":"has-post-thumbnail","6":"product_cat-tareas-dirigidas","7":"desktop-align-center","8":"tablet-align-left","9":"mobile-align-left","11":"first","12":"instock","13":"shipping-taxable","14":"purchasable","15":"product-type-simple"},"aioseo_notices":[],"uagb_featured_image_src":{"full":["https:\/\/blahclub.com\/wp-content\/uploads\/2025\/05\/7.png",1080,1350,false],"thumbnail":["https:\/\/blahclub.com\/wp-content\/uploads\/2025\/05\/7-150x150.png",150,150,true],"medium":["https:\/\/blahclub.com\/wp-content\/uploads\/2025\/05\/7-240x300.png",240,300,true],"medium_large":["https:\/\/blahclub.com\/wp-content\/uploads\/2025\/05\/7-768x960.png",768,960,true],"large":["https:\/\/blahclub.com\/wp-content\/uploads\/2025\/05\/7-819x1024.png",819,1024,true],"1536x1536":["https:\/\/blahclub.com\/wp-content\/uploads\/2025\/05\/7.png",1080,1350,false],"2048x2048":["https:\/\/blahclub.com\/wp-content\/uploads\/2025\/05\/7.png",1080,1350,false],"trp-custom-language-flag":["https:\/\/blahclub.com\/wp-content\/uploads\/2025\/05\/7.png",10,12,false],"woocommerce_thumbnail":["https:\/\/blahclub.com\/wp-content\/uploads\/2025\/05\/7-300x300.png",300,300,true],"woocommerce_single":["https:\/\/blahclub.com\/wp-content\/uploads\/2025\/05\/7-600x750.png",600,750,true],"woocommerce_gallery_thumbnail":["https:\/\/blahclub.com\/wp-content\/uploads\/2025\/05\/7-100x100.png",100,100,true]},"uagb_author_info":{"display_name":"BlahClub","author_link":"https:\/\/blahclub.com\/en\/author\/"},"uagb_comment_info":0,"uagb_excerpt":"Acompa\u00f1amiento personalizado Metodolog\u00eda adaptada a todas las edades Resultados garantizados Flexibilidad horaria Atenci\u00f3n 24\/7","_links":{"self":[{"href":"https:\/\/blahclub.com\/en\/wp-json\/wp\/v2\/product\/3990","targetHints":{"allow":["GET"]}}],"collection":[{"href":"https:\/\/blahclub.com\/en\/wp-json\/wp\/v2\/product"}],"about":[{"href":"https:\/\/blahclub.com\/en\/wp-json\/wp\/v2\/types\/product"}],"wp:featuredmedia":[{"embeddable":true,"href":"https:\/\/blahclub.com\/en\/wp-json\/wp\/v2\/media\/6900"}],"wp:attachment":[{"href":"https:\/\/blahclub.com\/en\/wp-json\/wp\/v2\/media?parent=3990"}],"wp:term":[{"taxonomy":"product_brand","embeddable":true,"href":"https:\/\/blahclub.com\/en\/wp-json\/wp\/v2\/product_brand?post=3990"},{"taxonomy":"product_cat","embeddable":true,"href":"https:\/\/blahclub.com\/en\/wp-json\/wp\/v2\/product_cat?post=3990"},{"taxonomy":"product_tag","embeddable":true,"href":"https:\/\/blahclub.com\/en\/wp-json\/wp\/v2\/product_tag?post=3990"}],"curies":[{"name":"wp","href":"https:\/\/api.w.org\/{rel}","templated":true}]}}